{"id":2,"date":"2024-06-05T16:24:54","date_gmt":"2024-06-05T20:24:54","guid":{"rendered":"https:\/\/caroncapital.com\/?page_id=2"},"modified":"2026-05-06T15:47:01","modified_gmt":"2026-05-06T19:47:01","slug":"accueil","status":"publish","type":"page","link":"https:\/\/caroncapital.com\/fr\/","title":{"rendered":"Accueil"},"content":{"rendered":"<h5>Caron Capital est une soci\u00e9t\u00e9 d\u2019investissement institutionnelle de deuxi\u00e8me g\u00e9n\u00e9ration bas\u00e9e aux \u00c9tats-Unis et au Canada, qui repr\u00e9sente les int\u00e9r\u00eats de la famille Caron et de ses initiatives philanthropiques. Caron investit \u00e0 l\u2019\u00e9chelle mondiale dans des secteurs publics, priv\u00e9s, directs et indirects.<\/h5>\r\n<h1><\/h1><!-- \/wp:post-content -->","protected":false},"excerpt":{"rendered":"<p>Caron Capital est une soci\u00e9t\u00e9 d\u2019investissement institutionnelle de deuxi\u00e8me g\u00e9n\u00e9ration bas\u00e9e aux \u00c9tats-Unis et au Canada, qui repr\u00e9sente les int\u00e9r\u00eats de la famille Caron et de ses initiatives philanthropiques. Caron investit \u00e0 l\u2019\u00e9chelle mondiale dans des secteurs publics, priv\u00e9s, directs et indirects.<\/p>\n","protected":false},"author":1,"featured_media":0,"parent":0,"menu_order":0,"comment_status":"closed","ping_status":"closed","template":"","meta":{"_acf_changed":false,"footnotes":""},"class_list":["post-2","page","type-page","status-publish","hentry"],"acf":[],"_links":{"self":[{"href":"https:\/\/caroncapital.com\/fr\/wp-json\/wp\/v2\/pages\/2","targetHints":{"allow":["GET"]}}],"collection":[{"href":"https:\/\/caroncapital.com\/fr\/wp-json\/wp\/v2\/pages"}],"about":[{"href":"https:\/\/caroncapital.com\/fr\/wp-json\/wp\/v2\/types\/page"}],"author":[{"embeddable":true,"href":"https:\/\/caroncapital.com\/fr\/wp-json\/wp\/v2\/users\/1"}],"replies":[{"embeddable":true,"href":"https:\/\/caroncapital.com\/fr\/wp-json\/wp\/v2\/comments?post=2"}],"version-history":[{"count":14,"href":"https:\/\/caroncapital.com\/fr\/wp-json\/wp\/v2\/pages\/2\/revisions"}],"predecessor-version":[{"id":53,"href":"https:\/\/caroncapital.com\/fr\/wp-json\/wp\/v2\/pages\/2\/revisions\/53"}],"wp:attachment":[{"href":"https:\/\/caroncapital.com\/fr\/wp-json\/wp\/v2\/media?parent=2"}],"curies":[{"name":"wp","href":"https:\/\/api.w.org\/{rel}","templated":true}]}}